{"id":366,"date":"2023-09-21T14:54:35","date_gmt":"2023-09-21T12:54:35","guid":{"rendered":"https:\/\/www.annejessen.de\/blog\/?page_id=366"},"modified":"2023-09-26T11:32:00","modified_gmt":"2023-09-26T09:32:00","slug":"faqs","status":"publish","type":"page","link":"https:\/\/www.annejessen.de\/blog\/?page_id=366","title":{"rendered":"FAQs"},"content":{"rendered":"\n<p><strong>Wie lange dauert das Shooting?<\/strong> <\/p>\n\n\n\n<p>Nachdem wir einen Termin gefunden haben, k\u00f6nnen wir den groben Zeitrahmen abstecken. Generell gilt: Je l\u00e4nger, desto besser, denn dann werdet ihr euch nach und nach so sehr an die ungewohnte Situation gew\u00f6hnen, dass sie sich pl\u00f6tzlich ganz nat\u00fcrlich anf\u00fchlt. Au\u00dferdem hat man so auch die M\u00f6glichkeit, ein gr\u00f6\u00dferes Spektrum an typischen gemeinsamen Situationen abzubilden &#8211; z.B. vom Fr\u00fchst\u00fcck \u00fcber gemeinsames Spielen bis zum Ins-Bett-bringen f\u00fcr den Mittagsschlaf.<\/p>\n\n\n\n<p><strong>Wo werden wir die Fotos machen?<\/strong><\/p>\n\n\n\n<p>Entweder an einem sch\u00f6nen, etwas abseits gelegenen Ort in der Natur, z. B. in einem Park, an einem Bach, auf einer Wiese mit Spielplatz, im Tierpark&#8230;<\/p>\n\n\n\n<p>Oder bei euch zu Hause (besonders mit kleinen Babys ist das meist entspannter) &#8211; m\u00f6glichst in den helleren, gr\u00f6\u00dferen R\u00e4umen.<\/p>\n\n\n\n<p><strong>Machst du auch am Wochenende und Nachmittags Fotos?<\/strong><\/p>\n\n\n\n<p>Meine Kernarbeitszeiten liegen Mo-Fr zwischen 9 und 15 Uhr, je nach Absprache mache ich aber Ausnahmen.<\/p>\n\n\n\n<p><strong>Was kostet so ein Shooting?<\/strong><\/p>\n\n\n\n<p>Schicke mir gern eine individuelle Anfrage und halte Aussschau nach Angeboten! Mein aktuelles Herbst-Kennenlernangebot betr\u00e4gt 150,- f\u00fcr ca. 2-3 Stunden und gilt noch bis Ende Oktober! Darin enthalten sind ein Kennenlern-Vorgespr\u00e4ch, professionelle Bildbearbeitung, sowie mindestens 30 Bilder in h\u00f6chter Aufl\u00f6sung als jpg-Datei. <\/p>\n\n\n\n<p><strong>K\u00f6nnen wir die Bilder auch in Buchform haben?<\/strong><\/p>\n\n\n\n<p>Bei Interesse erstelle ich euch gern ein kleines B\u00fcchlein mit den entstandenen Bildern. Welches Format, Einband, etc. k\u00f6nnen wir individuell besprechen. Danach richtet sich dann auch der Preis.<\/p>\n","protected":false},"excerpt":{"rendered":"<p>Wie lange dauert das Shooting? Nachdem wir einen Termin gefunden haben, k\u00f6nnen wir den groben Zeitrahmen abstecken. Generell gilt: Je l\u00e4nger, desto besser, denn dann werdet ihr euch nach und nach so sehr an die ungewohnte Situation gew\u00f6hnen, dass sie sich pl\u00f6tzlich ganz nat\u00fcrlich anf\u00fchlt. Au\u00dferdem hat man so auch die M\u00f6glichkeit, ein gr\u00f6\u00dferes Spektrum [&hellip;]<\/p>\n","protected":false},"author":1,"featured_media":0,"parent":0,"menu_order":0,"comment_status":"closed","ping_status":"closed","template":"","meta":[],"_links":{"self":[{"href":"https:\/\/www.annejessen.de\/blog\/index.php?rest_route=\/wp\/v2\/pages\/366"}],"collection":[{"href":"https:\/\/www.annejessen.de\/blog\/index.php?rest_route=\/wp\/v2\/pages"}],"about":[{"href":"https:\/\/www.annejessen.de\/blog\/index.php?rest_route=\/wp\/v2\/types\/page"}],"author":[{"embeddable":true,"href":"https:\/\/www.annejessen.de\/blog\/index.php?rest_route=\/wp\/v2\/users\/1"}],"replies":[{"embeddable":true,"href":"https:\/\/www.annejessen.de\/blog\/index.php?rest_route=%2Fwp%2Fv2%2Fcomments&post=366"}],"version-history":[{"count":4,"href":"https:\/\/www.annejessen.de\/blog\/index.php?rest_route=\/wp\/v2\/pages\/366\/revisions"}],"predecessor-version":[{"id":403,"href":"https:\/\/www.annejessen.de\/blog\/index.php?rest_route=\/wp\/v2\/pages\/366\/revisions\/403"}],"wp:attachment":[{"href":"https:\/\/www.annejessen.de\/blog\/index.php?rest_route=%2Fwp%2Fv2%2Fmedia&parent=366"}],"curies":[{"name":"wp","href":"https:\/\/api.w.org\/{rel}","templated":true}]}}