{"id":350,"date":"2023-08-31T13:26:13","date_gmt":"2023-08-31T11:26:13","guid":{"rendered":"https:\/\/www.annejessen.de\/blog\/?page_id=350"},"modified":"2023-09-27T10:39:40","modified_gmt":"2023-09-27T08:39:40","slug":"wieso-weshalb-warum","status":"publish","type":"page","link":"https:\/\/www.annejessen.de\/blog\/?page_id=350","title":{"rendered":"wieso weshalb warum"},"content":{"rendered":"\n<p>Hej, ich bin Anne, Familienfotografin aus K\u00f6ln und Mutter 3er Kinder zwischen 4 und 13. Ein trubeliger Alltag ist mir also bestens bekannt &#8211; und genau das m\u00f6chte ich auch bei euch festhalten! Denn im Nachhinein sind das (zumindest f\u00fcr mich) die besten Erinnerungsfotos!! Zum Gl\u00fcck hat uns hin und wieder eine befreundete Fotografin durch den Tag begleitet &#8211; manchmal waren es auch nur zwei St\u00fcndchen, aber immerhin war ich so auch mit auf den Bildern und konnte mit den Kindern in die Situation eintauchen &#8211; statt nur Beobachterin am Rand zu sein.<\/p>\n\n\n\n<p>Nicht zu vergessen, die ersten Wochen nach der Geburt eines (vielleicht sogar des ersten) Kindes: Alles ist neu, vieles nervenaufw\u00fchlend und zauberhaft zugleich, anstrengend, erstaunlich &#8211; ein Wunder, das sich vielleicht erst nach und nach entfaltet. In dieser Zeit ist man nat\u00fcrlich mit allem besch\u00e4ftigt &#8211; nur nicht unbedingt mit Fotografieren (bis auf zahlreiche Schnappsch\u00fcsse vom Baby). Diese besondere Zeit w\u00fcrde ich auch sehr gern f\u00fcr euch festhalten und bei Bedarf auch ein Fotob\u00fcchlein dazu gestalten.<\/p>\n\n\n\n<p>Damit ich aber auch wei\u00df, was euch besonders wichtig ist, lege ich besonderen Wert auf ein kleines Vorgespr\u00e4ch, bei dem wir besprechen, wie wir am besten zu euren pers\u00f6nlichen Lieblingsbildern kommen k\u00f6nnen.<\/p>\n\n\n\n<p>Ich freue mich auf euch!<\/p>\n\n\n\n<figure class=\"wp-block-image size-large\"><img decoding=\"async\" loading=\"lazy\" width=\"1024\" height=\"681\" src=\"https:\/\/www.annejessen.de\/blog\/wp-content\/uploads\/2023\/09\/DSC_3959_s-1024x681.jpg\" alt=\"\" class=\"wp-image-411\" srcset=\"https:\/\/www.annejessen.de\/blog\/wp-content\/uploads\/2023\/09\/DSC_3959_s-1024x681.jpg 1024w, https:\/\/www.annejessen.de\/blog\/wp-content\/uploads\/2023\/09\/DSC_3959_s-300x200.jpg 300w, https:\/\/www.annejessen.de\/blog\/wp-content\/uploads\/2023\/09\/DSC_3959_s-768x511.jpg 768w, https:\/\/www.annejessen.de\/blog\/wp-content\/uploads\/2023\/09\/DSC_3959_s-1536x1022.jpg 1536w, https:\/\/www.annejessen.de\/blog\/wp-content\/uploads\/2023\/09\/DSC_3959_s-2048x1363.jpg 2048w\" sizes=\"(max-width: 1024px) 100vw, 1024px\" \/><\/figure>\n","protected":false},"excerpt":{"rendered":"<p>Hej, ich bin Anne, Familienfotografin aus K\u00f6ln und Mutter 3er Kinder zwischen 4 und 13. Ein trubeliger Alltag ist mir also bestens bekannt &#8211; und genau das m\u00f6chte ich auch bei euch festhalten! Denn im Nachhinein sind das (zumindest f\u00fcr mich) die besten Erinnerungsfotos!! Zum Gl\u00fcck hat uns hin und wieder eine befreundete Fotografin durch [&hellip;]<\/p>\n","protected":false},"author":1,"featured_media":0,"parent":0,"menu_order":0,"comment_status":"closed","ping_status":"closed","template":"","meta":[],"_links":{"self":[{"href":"https:\/\/www.annejessen.de\/blog\/index.php?rest_route=\/wp\/v2\/pages\/350"}],"collection":[{"href":"https:\/\/www.annejessen.de\/blog\/index.php?rest_route=\/wp\/v2\/pages"}],"about":[{"href":"https:\/\/www.annejessen.de\/blog\/index.php?rest_route=\/wp\/v2\/types\/page"}],"author":[{"embeddable":true,"href":"https:\/\/www.annejessen.de\/blog\/index.php?rest_route=\/wp\/v2\/users\/1"}],"replies":[{"embeddable":true,"href":"https:\/\/www.annejessen.de\/blog\/index.php?rest_route=%2Fwp%2Fv2%2Fcomments&post=350"}],"version-history":[{"count":11,"href":"https:\/\/www.annejessen.de\/blog\/index.php?rest_route=\/wp\/v2\/pages\/350\/revisions"}],"predecessor-version":[{"id":412,"href":"https:\/\/www.annejessen.de\/blog\/index.php?rest_route=\/wp\/v2\/pages\/350\/revisions\/412"}],"wp:attachment":[{"href":"https:\/\/www.annejessen.de\/blog\/index.php?rest_route=%2Fwp%2Fv2%2Fmedia&parent=350"}],"curies":[{"name":"wp","href":"https:\/\/api.w.org\/{rel}","templated":true}]}}